{"id":12,"date":"2015-04-01T13:55:28","date_gmt":"2015-04-01T13:55:28","guid":{"rendered":"http:\/\/localhost\/?page_id=12"},"modified":"2017-08-03T11:46:20","modified_gmt":"2017-08-03T11:46:20","slug":"testseite-kontakt","status":"publish","type":"page","link":"https:\/\/tenno-karate.de\/?page_id=12","title":{"rendered":"Pr\u00fcfungen"},"content":{"rendered":"<p>Alle <strong>Sch\u00fcler-G\u00fcrtel\u00adpr\u00fc\u00adfun\u00adgen<\/strong> k\u00f6n\u00adnen im Vere\u00adin abgelegt wer\u00adden. Diese find\u00aden zweimal j\u00e4hrlich statt. Fol\u00adgende Graduierun\u00adgen existieren:<\/p>\n<p>9. Kyu -<strong> Wei\u00dfgurt<\/strong><\/p>\n<p>8. Kyu \u2014 <strong>Gel\u00adbgurt<\/strong><\/p>\n<p>7. Kyu \u2014 <strong>Orange\u00adgurt<\/strong><\/p>\n<p>6. Kyu \u2014 <strong>Gr\u00fcn\u00adgurt<\/strong><\/p>\n<p>5. Kyu \u2014 <strong>erster Blau\u00adgurt<\/strong><\/p>\n<p>4. Kyu \u2014 <strong>zweit\u00ader Blaugurt<\/strong><\/p>\n<p>3. Kyu \u2014 <strong>erster Braun\u00adgurt<\/strong><\/p>\n<p>2. Kyu \u2014 <strong>zweit\u00ader Braungurt<\/strong><\/p>\n<p>1. Kyu \u2014 <strong>drit\u00adter Braungurt<\/strong><\/p>\n<p><a href=\"http:\/\/www.tenno-karate.de\/wp-content\/uploads\/2015\/04\/shutterstock_77664340.jpg\"><img loading=\"lazy\" decoding=\"async\" class=\"alignnone size-full wp-image-245\" src=\"http:\/\/www.tenno-karate.de\/wp-content\/uploads\/2015\/04\/shutterstock_77664340.jpg\" alt width=\"3756\" height=\"2504\" srcset=\"https:\/\/tenno-karate.de\/wp-content\/uploads\/2015\/04\/shutterstock_77664340.jpg 3756w, https:\/\/tenno-karate.de\/wp-content\/uploads\/2015\/04\/shutterstock_77664340-300x200.jpg 300w, https:\/\/tenno-karate.de\/wp-content\/uploads\/2015\/04\/shutterstock_77664340-768x512.jpg 768w, https:\/\/tenno-karate.de\/wp-content\/uploads\/2015\/04\/shutterstock_77664340-1024x683.jpg 1024w\" sizes=\"auto, (max-width: 3756px) 100vw, 3756px\"><\/a><\/p>\n<p>Die Abnahme von <strong>Dan-Pr\u00fc\u00adfun\u00adgen<\/strong> im Stilof\u00adfe\u00adnen Karate ist eben\u00adfalls m\u00f6glich.<\/p>\n","protected":false},"excerpt":{"rendered":"<p>Alle Sch\u00fcler-G\u00fcrtel\u00adpr\u00fc\u00ad\u00adfun\u00ad\u00adgen k\u00f6n\u00adnen im Vere\u00adin abgelegt wer\u00adden. Diese find\u00aden zweimal j\u00e4hrlich statt. Fol\u00adgende Graduierun\u00adgen existieren: 9. Kyu \u2014 Wei\u00dfgurt 8. Kyu \u2014 Gel\u00adbgurt 7. Kyu \u2014 Orange\u00adgurt 6. Kyu \u2014 Gr\u00fcn\u00adgurt 5. Kyu \u2014 erster Blau\u00adgurt 4. Kyu \u2014 zweit\u00ader Blau\u00adgurt 3. Kyu \u2014 erster Braun\u00adgurt 2. Kyu \u2014 zweit\u00ader Braun\u00adgurt 1. Kyu \u2014 dritter&nbsp;[\u2026]<\/p>\n","protected":false},"author":3,"featured_media":0,"parent":0,"menu_order":5,"comment_status":"closed","ping_status":"open","template":"","meta":{"wp_typography_post_enhancements_disabled":false,"footnotes":""},"class_list":["post-12","page","type-page","status-publish","hentry"],"_links":{"self":[{"href":"https:\/\/tenno-karate.de\/index.php?rest_route=\/wp\/v2\/pages\/12","targetHints":{"allow":["GET"]}}],"collection":[{"href":"https:\/\/tenno-karate.de\/index.php?rest_route=\/wp\/v2\/pages"}],"about":[{"href":"https:\/\/tenno-karate.de\/index.php?rest_route=\/wp\/v2\/types\/page"}],"author":[{"embeddable":true,"href":"https:\/\/tenno-karate.de\/index.php?rest_route=\/wp\/v2\/users\/3"}],"replies":[{"embeddable":true,"href":"https:\/\/tenno-karate.de\/index.php?rest_route=%2Fwp%2Fv2%2Fcomments&post=12"}],"version-history":[{"count":0,"href":"https:\/\/tenno-karate.de\/index.php?rest_route=\/wp\/v2\/pages\/12\/revisions"}],"wp:attachment":[{"href":"https:\/\/tenno-karate.de\/index.php?rest_route=%2Fwp%2Fv2%2Fmedia&parent=12"}],"curies":[{"name":"wp","href":"https:\/\/api.w.org\/{rel}","templated":true}]}}